{"id":642,"date":"2024-01-01T18:05:14","date_gmt":"2024-01-01T18:05:14","guid":{"rendered":"https:\/\/seiffers.de\/?page_id=642"},"modified":"2024-10-25T08:29:15","modified_gmt":"2024-10-25T08:29:15","slug":"unsere-reisen","status":"publish","type":"page","link":"https:\/\/seiffers.de\/?page_id=642","title":{"rendered":"Unsere Reisen"},"content":{"rendered":"\n<p class=\"has-medium-font-size\"><strong>Durch eine Klick auf das Bild wird die entsprechende Reise geladen!<\/strong><br>Die Files sind ziemlich umfangreich, weshalb das Laden etwas dauern kann &#8211; aber daf\u00fcr gibt&#8217;s eine ordentliche Aufl\u00f6sung! <br><\/p>\n\n\n\n<div id=\"wp-block-themeisle-blocks-advanced-columns-d4f862c3\" class=\"wp-block-themeisle-blocks-advanced-columns alignfull has-4-columns has-desktop-equal-layout has-tablet-equal-layout has-mobile-collapsedRows-layout has-vertical-unset\"><div class=\"wp-block-themeisle-blocks-advanced-columns-overlay\"><\/div><div class=\"innerblocks-wrap\">\n<div id=\"wp-block-themeisle-blocks-advanced-column-1d0b253e\" class=\"wp-block-themeisle-blocks-advanced-column\"><div class=\"wp-block-image\">\n<figure class=\"aligncenter size-full is-resized\"><a href=\"https:\/\/seiffers.de\/wp-content\/uploads\/Aleuten-und-Alaska-2024-Harald.pdf\"><img loading=\"lazy\" decoding=\"async\" width=\"1240\" height=\"806\" src=\"https:\/\/seiffers.de\/wp-content\/uploads\/Alaska_24.png\" alt=\"\" class=\"wp-image-757\" style=\"width:465px;height:auto\" srcset=\"https:\/\/seiffers.de\/wp-content\/uploads\/Alaska_24.png 1240w, https:\/\/seiffers.de\/wp-content\/uploads\/Alaska_24-300x195.png 300w, https:\/\/seiffers.de\/wp-content\/uploads\/Alaska_24-1024x666.png 1024w, https:\/\/seiffers.de\/wp-content\/uploads\/Alaska_24-768x499.png 768w\" sizes=\"auto, (max-width: 1240px) 100vw, 1240px\" \/><\/a><\/figure>\n<\/div>\n\n\n<p class=\"has-text-align-left\"><\/p>\n<\/div>\n\n\n\n<div id=\"wp-block-themeisle-blocks-advanced-column-f4ae266f\" class=\"wp-block-themeisle-blocks-advanced-column\"><div class=\"wp-block-image\">\n<figure class=\"aligncenter size-full\"><a href=\"https:\/\/seiffers.de\/wp-content\/uploads\/2023\/12\/Namibia_compressed.pdf\"><img loading=\"lazy\" decoding=\"async\" width=\"394\" height=\"295\" src=\"https:\/\/seiffers.de\/wp-content\/uploads\/2024\/01\/DBFBs_045.jpg\" alt=\"\" class=\"wp-image-662\" srcset=\"https:\/\/seiffers.de\/wp-content\/uploads\/2024\/01\/DBFBs_045.jpg 394w, https:\/\/seiffers.de\/wp-content\/uploads\/2024\/01\/DBFBs_045-300x225.jpg 300w\" sizes=\"auto, (max-width: 394px) 100vw, 394px\" \/><\/a><\/figure>\n<\/div>\n\n\n<p class=\"has-text-align-left\"><\/p>\n<\/div>\n\n\n\n<div id=\"wp-block-themeisle-blocks-advanced-column-dc5fac59\" class=\"wp-block-themeisle-blocks-advanced-column\"><div class=\"wp-block-image\">\n<figure class=\"aligncenter size-full\"><a href=\"https:\/\/seiffers.de\/wp-content\/uploads\/2023\/12\/Fotobuch-Antarktis-LowRes-202202.pdf\"><img loading=\"lazy\" decoding=\"async\" width=\"394\" height=\"295\" src=\"https:\/\/seiffers.de\/wp-content\/uploads\/2024\/01\/DBFBs_041-3.jpg\" alt=\"\" class=\"wp-image-661\" srcset=\"https:\/\/seiffers.de\/wp-content\/uploads\/2024\/01\/DBFBs_041-3.jpg 394w, https:\/\/seiffers.de\/wp-content\/uploads\/2024\/01\/DBFBs_041-3-300x225.jpg 300w\" sizes=\"auto, (max-width: 394px) 100vw, 394px\" \/><\/a><\/figure>\n<\/div>\n\n\n<div id=\"wp-block-themeisle-blocks-button-group-d5c39281\" class=\"wp-block-themeisle-blocks-button-group wp-block-buttons align-center-desktop\">\n<div id=\"wp-block-themeisle-blocks-button-4b72c317\" class=\"wp-block-themeisle-blocks-button wp-block-button\"><a href=\"https:\/\/seiffers.de\/wp-content\/uploads\/2024\/01\/Antarktis-Pinguin1-1.mov\" target=\"_blank\" rel=\"noopener noreferrer\" class=\"wp-block-button__link\"><i class=\"fas fa-fw fa-chevron-right\"><\/i><\/a><\/div>\n\n\n\n<div id=\"wp-block-themeisle-blocks-button-b2bf5c8d\" class=\"wp-block-themeisle-blocks-button wp-block-button\"><a href=\"https:\/\/seiffers.de\/wp-content\/uploads\/2024\/01\/Antarktis-Seebaerchen1.mov\" target=\"_blank\" rel=\"noopener noreferrer\" class=\"wp-block-button__link\"><i class=\"fas fa-fw fa-chevron-right\"><\/i><\/a><\/div>\n\n\n\n<div id=\"wp-block-themeisle-blocks-button-08d61dd3\" class=\"wp-block-themeisle-blocks-button wp-block-button\"><a href=\"https:\/\/seiffers.de\/?attachment_id=686\" target=\"_blank\" rel=\"noopener noreferrer\" class=\"wp-block-button__link\"><i class=\"fas fa-fw fa-chevron-right\"><\/i><\/a><\/div>\n\n\n\n<div id=\"wp-block-themeisle-blocks-button-7c435bc7\" class=\"wp-block-themeisle-blocks-button wp-block-button\"><a href=\"https:\/\/seiffers.de\/wp-content\/uploads\/2024\/01\/IMG_1414.mov\" target=\"_self\" rel=\"noopener noreferrer\" class=\"wp-block-button__link\"><i class=\"fas fa-fw fa-chevron-right\"><\/i><\/a><\/div>\n<\/div>\n<\/div>\n\n\n\n<div id=\"wp-block-themeisle-blocks-advanced-column-dd52e702\" class=\"wp-block-themeisle-blocks-advanced-column\"><div class=\"wp-block-image\">\n<figure class=\"aligncenter size-full\"><a href=\"https:\/\/seiffers.de\/wp-content\/uploads\/2023\/12\/Fotobuch-Island-2021.pdf\"><img loading=\"lazy\" decoding=\"async\" width=\"394\" height=\"295\" src=\"https:\/\/seiffers.de\/wp-content\/uploads\/2024\/01\/DBFBs_044.jpg\" alt=\"\" class=\"wp-image-663\" srcset=\"https:\/\/seiffers.de\/wp-content\/uploads\/2024\/01\/DBFBs_044.jpg 394w, https:\/\/seiffers.de\/wp-content\/uploads\/2024\/01\/DBFBs_044-300x225.jpg 300w\" sizes=\"auto, (max-width: 394px) 100vw, 394px\" \/><\/a><\/figure>\n<\/div><\/div>\n<\/div><\/div>\n\n\n\n<p><\/p>\n\n\n\n<div id=\"wp-block-themeisle-blocks-advanced-columns-fe8ddc39\" class=\"wp-block-themeisle-blocks-advanced-columns alignfull has-4-columns has-desktop-equal-layout has-tablet-equal-layout has-mobile-collapsedRows-layout has-vertical-unset\"><div class=\"wp-block-themeisle-blocks-advanced-columns-overlay\"><\/div><div class=\"innerblocks-wrap\">\n<div id=\"wp-block-themeisle-blocks-advanced-column-81716781\" class=\"wp-block-themeisle-blocks-advanced-column\"><div class=\"wp-block-image\">\n<figure class=\"aligncenter size-full is-resized\"><a href=\"https:\/\/seiffers.de\/wp-content\/uploads\/2023\/12\/Fotobuch-Arktis-2019-eBook.pdf\"><img loading=\"lazy\" decoding=\"async\" width=\"394\" height=\"295\" src=\"https:\/\/seiffers.de\/wp-content\/uploads\/2024\/01\/DBFBs_042.jpg\" alt=\"\" class=\"wp-image-664\" style=\"width:390px;height:auto\" srcset=\"https:\/\/seiffers.de\/wp-content\/uploads\/2024\/01\/DBFBs_042.jpg 394w, https:\/\/seiffers.de\/wp-content\/uploads\/2024\/01\/DBFBs_042-300x225.jpg 300w\" sizes=\"auto, (max-width: 394px) 100vw, 394px\" \/><\/a><\/figure>\n<\/div><\/div>\n\n\n\n<div id=\"wp-block-themeisle-blocks-advanced-column-d01b5f06\" class=\"wp-block-themeisle-blocks-advanced-column\"><div class=\"wp-block-image\">\n<figure class=\"aligncenter size-full\"><a href=\"https:\/\/seiffers.de\/wp-content\/uploads\/2023\/12\/Fotobuch-Chile-2018.pdf\"><img loading=\"lazy\" decoding=\"async\" width=\"394\" height=\"295\" src=\"https:\/\/seiffers.de\/wp-content\/uploads\/2024\/01\/DBFBs_043.jpg\" alt=\"\" class=\"wp-image-665\" srcset=\"https:\/\/seiffers.de\/wp-content\/uploads\/2024\/01\/DBFBs_043.jpg 394w, https:\/\/seiffers.de\/wp-content\/uploads\/2024\/01\/DBFBs_043-300x225.jpg 300w\" sizes=\"auto, (max-width: 394px) 100vw, 394px\" \/><\/a><\/figure>\n<\/div><\/div>\n\n\n\n<div id=\"wp-block-themeisle-blocks-advanced-column-b757e10a\" class=\"wp-block-themeisle-blocks-advanced-column\"><div class=\"wp-block-image\">\n<figure class=\"aligncenter size-full\"><a href=\"https:\/\/seiffers.de\/wp-content\/uploads\/2023\/12\/Fotobuch-Neuseeland-2017.pdf\"><img loading=\"lazy\" decoding=\"async\" width=\"394\" height=\"295\" src=\"https:\/\/seiffers.de\/wp-content\/uploads\/2024\/01\/DBFBs_046.jpg\" alt=\"\" class=\"wp-image-666\" srcset=\"https:\/\/seiffers.de\/wp-content\/uploads\/2024\/01\/DBFBs_046.jpg 394w, https:\/\/seiffers.de\/wp-content\/uploads\/2024\/01\/DBFBs_046-300x225.jpg 300w\" sizes=\"auto, (max-width: 394px) 100vw, 394px\" \/><\/a><\/figure>\n<\/div><\/div>\n\n\n\n<div id=\"wp-block-themeisle-blocks-advanced-column-2b4169c3\" class=\"wp-block-themeisle-blocks-advanced-column\"><div class=\"wp-block-image\">\n<figure class=\"aligncenter size-full\"><a href=\"https:\/\/seiffers.de\/wp-content\/uploads\/2023\/12\/Fotobuch-Reisen-2018.pdf\"><img loading=\"lazy\" decoding=\"async\" width=\"394\" height=\"295\" src=\"https:\/\/seiffers.de\/wp-content\/uploads\/2024\/01\/DBFBs_047.jpg\" alt=\"\" class=\"wp-image-667\" srcset=\"https:\/\/seiffers.de\/wp-content\/uploads\/2024\/01\/DBFBs_047.jpg 394w, https:\/\/seiffers.de\/wp-content\/uploads\/2024\/01\/DBFBs_047-300x225.jpg 300w\" sizes=\"auto, (max-width: 394px) 100vw, 394px\" \/><\/a><\/figure>\n<\/div><\/div>\n<\/div><\/div>\n\n\n\n<p><\/p>\n\n\n\n<p><em>Alle Fotob\u00fccher sind mit <a href=\"https:\/\/fotobuch.de\/\">fotobuch.de <\/a>erstellt.Das Copyright aller Bilder liegt bei Harald Seiffer.<\/em><\/p>\n\n\n\n<p><\/p>\n","protected":false},"excerpt":{"rendered":"<p>Durch eine Klick auf das Bild wird die entsprechende Reise geladen!Die Files sind ziemlich umfangreich, weshalb das Laden etwas dauern kann &#8211; aber daf\u00fcr gibt&#8217;s eine ordentliche Aufl\u00f6sung! Alle Fotob\u00fccher sind mit fotobuch.de erstellt.Das Copyright aller Bilder liegt bei Harald Seiffer.<\/p>\n","protected":false},"author":1,"featured_media":0,"parent":0,"menu_order":0,"comment_status":"closed","ping_status":"closed","template":"","meta":{"neve_meta_sidebar":"","neve_meta_container":"","neve_meta_enable_content_width":"","neve_meta_content_width":0,"neve_meta_title_alignment":"","neve_meta_author_avatar":"","neve_post_elements_order":"","neve_meta_disable_header":"","neve_meta_disable_footer":"","neve_meta_disable_title":"","_themeisle_gutenberg_block_has_review":false,"footnotes":""},"class_list":["post-642","page","type-page","status-publish","hentry"],"_links":{"self":[{"href":"https:\/\/seiffers.de\/index.php?rest_route=\/wp\/v2\/pages\/642","targetHints":{"allow":["GET"]}}],"collection":[{"href":"https:\/\/seiffers.de\/index.php?rest_route=\/wp\/v2\/pages"}],"about":[{"href":"https:\/\/seiffers.de\/index.php?rest_route=\/wp\/v2\/types\/page"}],"author":[{"embeddable":true,"href":"https:\/\/seiffers.de\/index.php?rest_route=\/wp\/v2\/users\/1"}],"replies":[{"embeddable":true,"href":"https:\/\/seiffers.de\/index.php?rest_route=%2Fwp%2Fv2%2Fcomments&post=642"}],"version-history":[{"count":21,"href":"https:\/\/seiffers.de\/index.php?rest_route=\/wp\/v2\/pages\/642\/revisions"}],"predecessor-version":[{"id":760,"href":"https:\/\/seiffers.de\/index.php?rest_route=\/wp\/v2\/pages\/642\/revisions\/760"}],"wp:attachment":[{"href":"https:\/\/seiffers.de\/index.php?rest_route=%2Fwp%2Fv2%2Fmedia&parent=642"}],"curies":[{"name":"wp","href":"https:\/\/api.w.org\/{rel}","templated":true}]}}